		{"id":35,"date":"2023-10-29T00:08:28","date_gmt":"2023-10-28T22:08:28","guid":{"rendered":"https:\/\/arribaguate.com\/?page_id=35"},"modified":"2025-10-23T00:37:46","modified_gmt":"2025-10-23T06:37:46","slug":"nosotros","status":"publish","type":"page","link":"https:\/\/arribaguate.com\/?page_id=35","title":{"rendered":"Nosotros"},"content":{"rendered":"\t\t<div data-elementor-type=\"wp-page\" data-elementor-id=\"35\" class=\"elementor elementor-35\">\n\t\t\t\t\t\t<section class=\"elementor-section elementor-top-section elementor-element elementor-element-a8fb5c4 elementor-section-boxed elementor-section-height-default elementor-section-height-default\" data-id=\"a8fb5c4\" data-element_type=\"section\" data-e-type=\"section\">\n\t\t\t\t\t\t<div class=\"elementor-container elementor-column-gap-default\">\n\t\t\t\t\t<div class=\"elementor-column elementor-col-100 elementor-top-column elementor-element elementor-element-5c18cbe\" data-id=\"5c18cbe\" data-element_type=\"column\" data-e-type=\"column\">\n\t\t\t<div class=\"elementor-widget-wrap elementor-element-populated\">\n\t\t\t\t\t\t<div class=\"elementor-element elementor-element-5c4ce3b elementor-invisible elementor-widget elementor-widget-heading\" data-id=\"5c4ce3b\" data-element_type=\"widget\" data-e-type=\"widget\" data-settings=\"{&quot;_animation&quot;:&quot;zoomIn&quot;}\" data-widget_type=\"heading.default\">\n\t\t\t\t<div class=\"elementor-widget-container\">\n\t\t\t\t\t<h2 class=\"elementor-heading-title elementor-size-default\">SOBRE NOSOTROS<\/h2>\t\t\t\t<\/div>\n\t\t\t\t<\/div>\n\t\t\t\t<div class=\"elementor-element elementor-element-5ce1551 elementor-invisible elementor-widget elementor-widget-text-editor\" data-id=\"5ce1551\" data-element_type=\"widget\" data-e-type=\"widget\" data-settings=\"{&quot;_animation&quot;:&quot;fadeIn&quot;}\" data-widget_type=\"text-editor.default\">\n\t\t\t\t<div class=\"elementor-widget-container\">\n\t\t\t\t\t\t\t\t\t<p>\u00bfTe has preguntado alguna vez qui\u00e9nes somos, cu\u00e1l es nuestra historia, y cu\u00e1l es la pasi\u00f3n que nos impulsa?<\/p><p>\u00a0<\/p>\t\t\t\t\t\t\t\t<\/div>\n\t\t\t\t<\/div>\n\t\t\t\t\t<\/div>\n\t\t<\/div>\n\t\t\t\t\t<\/div>\n\t\t<\/section>\n\t\t\t\t<section class=\"elementor-section elementor-top-section elementor-element elementor-element-874f683 elementor-section-full_width elementor-section-height-default elementor-section-height-default\" data-id=\"874f683\" data-element_type=\"section\" data-e-type=\"section\" data-settings=\"{&quot;background_background&quot;:&quot;classic&quot;}\">\n\t\t\t\t\t\t<div class=\"elementor-container elementor-column-gap-default\">\n\t\t\t\t\t<div class=\"elementor-column elementor-col-100 elementor-top-column elementor-element elementor-element-fdae047\" data-id=\"fdae047\" data-element_type=\"column\" data-e-type=\"column\">\n\t\t\t<div class=\"elementor-widget-wrap elementor-element-populated\">\n\t\t\t\t\t\t<div class=\"elementor-element elementor-element-3e62588 elementor-widget elementor-widget-image\" data-id=\"3e62588\" data-element_type=\"widget\" data-e-type=\"widget\" data-widget_type=\"image.default\">\n\t\t\t\t<div class=\"elementor-widget-container\">\n\t\t\t\t\t\t\t\t\t\t\t\t\t\t\t<img fetchpriority=\"high\" decoding=\"async\" width=\"1024\" height=\"353\" src=\"https:\/\/arribaguate.com\/wp-content\/uploads\/2023\/10\/cropped-LOGO-PNG-07-1024x353.png\" class=\"elementor-animation-grow attachment-large size-large wp-image-229\" alt=\"\" srcset=\"https:\/\/arribaguate.com\/wp-content\/uploads\/2023\/10\/cropped-LOGO-PNG-07-1024x353.png 1024w, https:\/\/arribaguate.com\/wp-content\/uploads\/2023\/10\/cropped-LOGO-PNG-07-600x207.png 600w, https:\/\/arribaguate.com\/wp-content\/uploads\/2023\/10\/cropped-LOGO-PNG-07-300x103.png 300w, https:\/\/arribaguate.com\/wp-content\/uploads\/2023\/10\/cropped-LOGO-PNG-07-768x264.png 768w, https:\/\/arribaguate.com\/wp-content\/uploads\/2023\/10\/cropped-LOGO-PNG-07-1536x529.png 1536w, https:\/\/arribaguate.com\/wp-content\/uploads\/2023\/10\/cropped-LOGO-PNG-07-200x69.png 200w, https:\/\/arribaguate.com\/wp-content\/uploads\/2023\/10\/cropped-LOGO-PNG-07.png 1769w\" sizes=\"(max-width: 1024px) 100vw, 1024px\" \/>\t\t\t\t\t\t\t\t\t\t\t\t\t\t\t<\/div>\n\t\t\t\t<\/div>\n\t\t\t\t\t<\/div>\n\t\t<\/div>\n\t\t\t\t\t<\/div>\n\t\t<\/section>\n\t\t\t\t<section class=\"elementor-section elementor-top-section elementor-element elementor-element-39a19e6 elementor-section-boxed elementor-section-height-default elementor-section-height-default\" data-id=\"39a19e6\" data-element_type=\"section\" data-e-type=\"section\">\n\t\t\t\t\t\t<div class=\"elementor-container elementor-column-gap-default\">\n\t\t\t\t\t<div class=\"elementor-column elementor-col-50 elementor-top-column elementor-element elementor-element-973c6dd\" data-id=\"973c6dd\" data-element_type=\"column\" data-e-type=\"column\">\n\t\t\t<div class=\"elementor-widget-wrap elementor-element-populated\">\n\t\t\t\t\t\t<div class=\"elementor-element elementor-element-4db3d46 elementor-widget elementor-widget-image\" data-id=\"4db3d46\" data-element_type=\"widget\" data-e-type=\"widget\" data-widget_type=\"image.default\">\n\t\t\t\t<div class=\"elementor-widget-container\">\n\t\t\t\t\t\t\t\t\t\t\t\t\t\t\t<img decoding=\"async\" width=\"800\" height=\"500\" src=\"https:\/\/arribaguate.com\/wp-content\/uploads\/2023\/11\/Arribaaaa.png\" class=\"elementor-animation-shrink attachment-large size-large wp-image-1222\" alt=\"\" srcset=\"https:\/\/arribaguate.com\/wp-content\/uploads\/2023\/11\/Arribaaaa.png 800w, https:\/\/arribaguate.com\/wp-content\/uploads\/2023\/11\/Arribaaaa-300x188.png 300w, https:\/\/arribaguate.com\/wp-content\/uploads\/2023\/11\/Arribaaaa-768x480.png 768w, https:\/\/arribaguate.com\/wp-content\/uploads\/2023\/11\/Arribaaaa-600x375.png 600w\" sizes=\"(max-width: 800px) 100vw, 800px\" \/>\t\t\t\t\t\t\t\t\t\t\t\t\t\t\t<\/div>\n\t\t\t\t<\/div>\n\t\t\t\t\t<\/div>\n\t\t<\/div>\n\t\t\t\t<div class=\"elementor-column elementor-col-50 elementor-top-column elementor-element elementor-element-0565ae2\" data-id=\"0565ae2\" data-element_type=\"column\" data-e-type=\"column\">\n\t\t\t<div class=\"elementor-widget-wrap elementor-element-populated\">\n\t\t\t\t\t\t<div class=\"elementor-element elementor-element-32bde53 elementor-invisible elementor-widget elementor-widget-text-editor\" data-id=\"32bde53\" data-element_type=\"widget\" data-e-type=\"widget\" data-settings=\"{&quot;_animation&quot;:&quot;zoomIn&quot;}\" data-widget_type=\"text-editor.default\">\n\t\t\t\t<div class=\"elementor-widget-container\">\n\t\t\t\t\t\t\t\t\t<p>En 2023, naci\u00f3 la historia de una empresa guatemalteca con ra\u00edces profundas y un prop\u00f3sito apasionado. Impulsada por un grupo de so\u00f1adores, esp\u00edritus libres y apasionados viajeros de coraz\u00f3n, nuestra empresa tuvo sus inicios con la firme intenci\u00f3n de compartir las maravillas que Guatemala tiene para ofrecer.<\/p><p>\u00a0<\/p><p>De este anhelo surgi\u00f3 el nombre \u00abArriba Guate\u00bb, una expresi\u00f3n que rinde homenaje a nuestro amado pa\u00eds y que, al mismo tiempo, se erige como un nombre memorable para que nuestros clientes lo lleven en sus corazones. Nuestra historia es un viaje que celebra la belleza de Guatemala y fomenta el deseo de m\u00e1s personas por explorar y disfrutar de sus tesoros.<\/p>\t\t\t\t\t\t\t\t<\/div>\n\t\t\t\t<\/div>\n\t\t\t\t\t<\/div>\n\t\t<\/div>\n\t\t\t\t\t<\/div>\n\t\t<\/section>\n\t\t\t\t<section class=\"elementor-section elementor-top-section elementor-element elementor-element-5d6937c elementor-section-full_width elementor-section-height-default elementor-section-height-default\" data-id=\"5d6937c\" data-element_type=\"section\" data-e-type=\"section\" data-settings=\"{&quot;background_background&quot;:&quot;classic&quot;}\">\n\t\t\t\t\t\t<div class=\"elementor-container elementor-column-gap-default\">\n\t\t\t\t\t<div class=\"elementor-column elementor-col-33 elementor-top-column elementor-element elementor-element-812098d\" data-id=\"812098d\" data-element_type=\"column\" data-e-type=\"column\">\n\t\t\t<div class=\"elementor-widget-wrap elementor-element-populated\">\n\t\t\t\t\t\t<div class=\"elementor-element elementor-element-7d902a4 elementor-invisible elementor-widget elementor-widget-counter\" data-id=\"7d902a4\" data-element_type=\"widget\" data-e-type=\"widget\" data-settings=\"{&quot;_animation&quot;:&quot;fadeInDown&quot;}\" data-widget_type=\"counter.default\">\n\t\t\t\t<div class=\"elementor-widget-container\">\n\t\t\t\t\t\t\t<div class=\"elementor-counter\">\n\t\t\t<div class=\"elementor-counter-title\">Integrantes<\/div>\t\t\t<div class=\"elementor-counter-number-wrapper\">\n\t\t\t\t<span class=\"elementor-counter-number-prefix\"><\/span>\n\t\t\t\t<span class=\"elementor-counter-number\" data-duration=\"2000\" data-to-value=\"6\" data-from-value=\"0\" data-delimiter=\",\">0<\/span>\n\t\t\t\t<span class=\"elementor-counter-number-suffix\"><\/span>\n\t\t\t<\/div>\n\t\t<\/div>\n\t\t\t\t\t\t<\/div>\n\t\t\t\t<\/div>\n\t\t\t\t\t<\/div>\n\t\t<\/div>\n\t\t\t\t<div class=\"elementor-column elementor-col-33 elementor-top-column elementor-element elementor-element-9fe014c\" data-id=\"9fe014c\" data-element_type=\"column\" data-e-type=\"column\">\n\t\t\t<div class=\"elementor-widget-wrap elementor-element-populated\">\n\t\t\t\t\t\t<div class=\"elementor-element elementor-element-4d2ffa4 elementor-invisible elementor-widget elementor-widget-counter\" data-id=\"4d2ffa4\" data-element_type=\"widget\" data-e-type=\"widget\" data-settings=\"{&quot;_animation&quot;:&quot;fadeInDown&quot;}\" data-widget_type=\"counter.default\">\n\t\t\t\t<div class=\"elementor-widget-container\">\n\t\t\t\t\t\t\t<div class=\"elementor-counter\">\n\t\t\t<div class=\"elementor-counter-title\">Transporte<\/div>\t\t\t<div class=\"elementor-counter-number-wrapper\">\n\t\t\t\t<span class=\"elementor-counter-number-prefix\"><\/span>\n\t\t\t\t<span class=\"elementor-counter-number\" data-duration=\"2000\" data-to-value=\"3\" data-from-value=\"0\" data-delimiter=\",\">0<\/span>\n\t\t\t\t<span class=\"elementor-counter-number-suffix\"><\/span>\n\t\t\t<\/div>\n\t\t<\/div>\n\t\t\t\t\t\t<\/div>\n\t\t\t\t<\/div>\n\t\t\t\t\t<\/div>\n\t\t<\/div>\n\t\t\t\t<div class=\"elementor-column elementor-col-33 elementor-top-column elementor-element elementor-element-629ce0b\" data-id=\"629ce0b\" data-element_type=\"column\" data-e-type=\"column\">\n\t\t\t<div class=\"elementor-widget-wrap elementor-element-populated\">\n\t\t\t\t\t\t<div class=\"elementor-element elementor-element-aed237a elementor-invisible elementor-widget elementor-widget-counter\" data-id=\"aed237a\" data-element_type=\"widget\" data-e-type=\"widget\" data-settings=\"{&quot;_animation&quot;:&quot;fadeInDown&quot;}\" data-widget_type=\"counter.default\">\n\t\t\t\t<div class=\"elementor-widget-container\">\n\t\t\t\t\t\t\t<div class=\"elementor-counter\">\n\t\t\t<div class=\"elementor-counter-title\">Redes Sociales<\/div>\t\t\t<div class=\"elementor-counter-number-wrapper\">\n\t\t\t\t<span class=\"elementor-counter-number-prefix\"><\/span>\n\t\t\t\t<span class=\"elementor-counter-number\" data-duration=\"2000\" data-to-value=\"3\" data-from-value=\"0\" data-delimiter=\",\">0<\/span>\n\t\t\t\t<span class=\"elementor-counter-number-suffix\"><\/span>\n\t\t\t<\/div>\n\t\t<\/div>\n\t\t\t\t\t\t<\/div>\n\t\t\t\t<\/div>\n\t\t\t\t\t<\/div>\n\t\t<\/div>\n\t\t\t\t\t<\/div>\n\t\t<\/section>\n\t\t\t\t<section class=\"elementor-section elementor-top-section elementor-element elementor-element-280eb97 elementor-section-boxed elementor-section-height-default elementor-section-height-default\" data-id=\"280eb97\" data-element_type=\"section\" data-e-type=\"section\">\n\t\t\t\t\t\t<div class=\"elementor-container elementor-column-gap-default\">\n\t\t\t\t\t<div class=\"elementor-column elementor-col-50 elementor-top-column elementor-element elementor-element-3d9e993\" data-id=\"3d9e993\" data-element_type=\"column\" data-e-type=\"column\">\n\t\t\t<div class=\"elementor-widget-wrap elementor-element-populated\">\n\t\t\t\t\t\t<div class=\"elementor-element elementor-element-d482538 elementor-invisible elementor-widget elementor-widget-heading\" data-id=\"d482538\" data-element_type=\"widget\" data-e-type=\"widget\" data-settings=\"{&quot;_animation&quot;:&quot;zoomIn&quot;}\" data-widget_type=\"heading.default\">\n\t\t\t\t<div class=\"elementor-widget-container\">\n\t\t\t\t\t<h2 class=\"elementor-heading-title elementor-size-default\">MISI\u00d3N<\/h2>\t\t\t\t<\/div>\n\t\t\t\t<\/div>\n\t\t\t\t<div class=\"elementor-element elementor-element-a42262c elementor-widget elementor-widget-text-editor\" data-id=\"a42262c\" data-element_type=\"widget\" data-e-type=\"widget\" data-widget_type=\"text-editor.default\">\n\t\t\t\t<div class=\"elementor-widget-container\">\n\t\t\t\t\t\t\t\t\t<p style=\"text-align: jusitfy;\">Ofrecer experiencias de viaje\nexcepcionales, que conecten a nuestros\nclientes con destinos \u00fanicos promoviendo\nla sostenibilidad ambiental y apoyando el\ndesarrollo econ\u00f3mico de las comunidades\nlocales.<\/p>\t\t\t\t\t\t\t\t<\/div>\n\t\t\t\t<\/div>\n\t\t\t\t\t<\/div>\n\t\t<\/div>\n\t\t\t\t<div class=\"elementor-column elementor-col-50 elementor-top-column elementor-element elementor-element-66bc824\" data-id=\"66bc824\" data-element_type=\"column\" data-e-type=\"column\">\n\t\t\t<div class=\"elementor-widget-wrap elementor-element-populated\">\n\t\t\t\t\t\t<div class=\"elementor-element elementor-element-168dad9 elementor-invisible elementor-widget elementor-widget-heading\" data-id=\"168dad9\" data-element_type=\"widget\" data-e-type=\"widget\" data-settings=\"{&quot;_animation&quot;:&quot;zoomIn&quot;}\" data-widget_type=\"heading.default\">\n\t\t\t\t<div class=\"elementor-widget-container\">\n\t\t\t\t\t<h2 class=\"elementor-heading-title elementor-size-default\">VISI\u00d3N<\/h2>\t\t\t\t<\/div>\n\t\t\t\t<\/div>\n\t\t\t\t<div class=\"elementor-element elementor-element-57cc876 elementor-widget elementor-widget-text-editor\" data-id=\"57cc876\" data-element_type=\"widget\" data-e-type=\"widget\" data-widget_type=\"text-editor.default\">\n\t\t\t\t<div class=\"elementor-widget-container\">\n\t\t\t\t\t\t\t\t\t<p style=\"text-align: justify;\">Ser l\u00edderes en la industria del turismo, reconocidos por nuestra innovaci\u00f3n, calidad y compromiso con el desarrollo\nsostenible y el impacto positivo en las comunidades locales<\/p>\t\t\t\t\t\t\t\t<\/div>\n\t\t\t\t<\/div>\n\t\t\t\t\t<\/div>\n\t\t<\/div>\n\t\t\t\t\t<\/div>\n\t\t<\/section>\n\t\t\t\t<section class=\"elementor-section elementor-top-section elementor-element elementor-element-86e4e76 elementor-section-boxed elementor-section-height-default elementor-section-height-default\" data-id=\"86e4e76\" data-element_type=\"section\" data-e-type=\"section\">\n\t\t\t\t\t\t<div class=\"elementor-container elementor-column-gap-default\">\n\t\t\t\t\t<div class=\"elementor-column elementor-col-100 elementor-top-column elementor-element elementor-element-74c395d\" data-id=\"74c395d\" data-element_type=\"column\" data-e-type=\"column\">\n\t\t\t<div class=\"elementor-widget-wrap elementor-element-populated\">\n\t\t\t\t\t\t<div class=\"elementor-element elementor-element-8230413 elementor-invisible elementor-widget elementor-widget-heading\" data-id=\"8230413\" data-element_type=\"widget\" data-e-type=\"widget\" data-settings=\"{&quot;_animation&quot;:&quot;fadeInDown&quot;}\" data-widget_type=\"heading.default\">\n\t\t\t\t<div class=\"elementor-widget-container\">\n\t\t\t\t\t<h2 class=\"elementor-heading-title elementor-size-default\">VALORES<\/h2>\t\t\t\t<\/div>\n\t\t\t\t<\/div>\n\t\t\t\t<div class=\"elementor-element elementor-element-fa6ffaf elementor-widget elementor-widget-text-editor\" data-id=\"fa6ffaf\" data-element_type=\"widget\" data-e-type=\"widget\" data-widget_type=\"text-editor.default\">\n\t\t\t\t<div class=\"elementor-widget-container\">\n\t\t\t\t\t\t\t\t\t<p style=\"text-align: center;\">\u00b7 Compromiso con la calidad<br \/>\u00b7 Sostenibilidad ambiental y social<br \/>\u00b7 Responsabilidad con las comunidades<br \/>\u00b7 Innovaci\u00f3n en experiencias de viaje<br \/>\u00b7 Seguridad y bienestar del cliente<\/p>\t\t\t\t\t\t\t\t<\/div>\n\t\t\t\t<\/div>\n\t\t\t\t\t<\/div>\n\t\t<\/div>\n\t\t\t\t\t<\/div>\n\t\t<\/section>\n\t\t\t\t<section class=\"elementor-section elementor-top-section elementor-element elementor-element-6a38ba0 elementor-section-boxed elementor-section-height-default elementor-section-height-default\" data-id=\"6a38ba0\" data-element_type=\"section\" data-e-type=\"section\">\n\t\t\t\t\t\t<div class=\"elementor-container elementor-column-gap-default\">\n\t\t\t\t\t<div class=\"elementor-column elementor-col-100 elementor-top-column elementor-element elementor-element-c094b05\" data-id=\"c094b05\" data-element_type=\"column\" data-e-type=\"column\">\n\t\t\t<div class=\"elementor-widget-wrap elementor-element-populated\">\n\t\t\t\t\t\t<div class=\"elementor-element elementor-element-f87acf7 elementor-widget elementor-widget-spacer\" data-id=\"f87acf7\" data-element_type=\"widget\" data-e-type=\"widget\" data-widget_type=\"spacer.default\">\n\t\t\t\t<div class=\"elementor-widget-container\">\n\t\t\t\t\t\t\t<div class=\"elementor-spacer\">\n\t\t\t<div class=\"elementor-spacer-inner\"><\/div>\n\t\t<\/div>\n\t\t\t\t\t\t<\/div>\n\t\t\t\t<\/div>\n\t\t\t\t\t<\/div>\n\t\t<\/div>\n\t\t\t\t\t<\/div>\n\t\t<\/section>\n\t\t\t\t<\/div>\n\t\t","protected":false},"excerpt":{"rendered":"<p>SOBRE NOSOTROS \u00bfTe has preguntado alguna vez qui\u00e9nes somos, cu\u00e1l es nuestra historia, y cu\u00e1l es la pasi\u00f3n que nos impulsa? \u00a0 En 2023, naci\u00f3 la historia de una empresa guatemalteca con ra\u00edces profundas y un prop\u00f3sito apasionado. Impulsada por un grupo de so\u00f1adores, esp\u00edritus libres y apasionados viajeros de coraz\u00f3n, nuestra empresa tuvo sus [&hellip;]<\/p>\n","protected":false},"author":2,"featured_media":0,"parent":0,"menu_order":0,"comment_status":"closed","ping_status":"closed","template":"","meta":{"footnotes":""},"class_list":["post-35","page","type-page","status-publish","hentry"],"yoast_head":"<!-- This site is optimized with the Yoast SEO plugin v27.1.1 - https:\/\/yoast.com\/product\/yoast-seo-wordpress\/ -->\n<title>Nosotros - Arriba Guate<\/title>\n<meta name=\"robots\" content=\"index, follow, max-snippet:-1, max-image-preview:large, max-video-preview:-1\" \/>\n<link rel=\"canonical\" href=\"https:\/\/arribaguate.com\/?page_id=35\" \/>\n<meta property=\"og:locale\" content=\"es_ES\" \/>\n<meta property=\"og:type\" content=\"article\" \/>\n<meta property=\"og:title\" content=\"Nosotros - Arriba Guate\" \/>\n<meta property=\"og:description\" content=\"SOBRE NOSOTROS \u00bfTe has preguntado alguna vez qui\u00e9nes somos, cu\u00e1l es nuestra historia, y cu\u00e1l es la pasi\u00f3n que nos impulsa? \u00a0 En 2023, naci\u00f3 la historia de una empresa guatemalteca con ra\u00edces profundas y un prop\u00f3sito apasionado. Impulsada por un grupo de so\u00f1adores, esp\u00edritus libres y apasionados viajeros de coraz\u00f3n, nuestra empresa tuvo sus [&hellip;]\" \/>\n<meta property=\"og:url\" content=\"https:\/\/arribaguate.com\/?page_id=35\" \/>\n<meta property=\"og:site_name\" content=\"Arriba Guate\" \/>\n<meta property=\"article:publisher\" content=\"https:\/\/www.facebook.com\/profile.php?id=61552379584333\" \/>\n<meta property=\"article:modified_time\" content=\"2025-10-23T06:37:46+00:00\" \/>\n<meta property=\"og:image\" content=\"https:\/\/arribaguate.com\/wp-content\/uploads\/2023\/10\/cropped-LOGO-PNG-07.png\" \/>\n\t<meta property=\"og:image:width\" content=\"1769\" \/>\n\t<meta property=\"og:image:height\" content=\"609\" \/>\n\t<meta property=\"og:image:type\" content=\"image\/png\" \/>\n<meta name=\"twitter:card\" content=\"summary_large_image\" \/>\n<meta name=\"twitter:site\" content=\"@arribaguate\" \/>\n<meta name=\"twitter:label1\" content=\"Tiempo de lectura\" \/>\n\t<meta name=\"twitter:data1\" content=\"2 minutos\" \/>\n<script type=\"application\/ld+json\" class=\"yoast-schema-graph\">{\"@context\":\"https:\/\/schema.org\",\"@graph\":[{\"@type\":\"WebPage\",\"@id\":\"https:\/\/arribaguate.com\/?page_id=35\",\"url\":\"https:\/\/arribaguate.com\/?page_id=35\",\"name\":\"Nosotros - Arriba Guate\",\"isPartOf\":{\"@id\":\"https:\/\/arribaguate.com\/#website\"},\"primaryImageOfPage\":{\"@id\":\"https:\/\/arribaguate.com\/?page_id=35#primaryimage\"},\"image\":{\"@id\":\"https:\/\/arribaguate.com\/?page_id=35#primaryimage\"},\"thumbnailUrl\":\"https:\/\/arribaguate.com\/wp-content\/uploads\/2023\/10\/cropped-LOGO-PNG-07-1024x353.png\",\"datePublished\":\"2023-10-28T22:08:28+00:00\",\"dateModified\":\"2025-10-23T06:37:46+00:00\",\"breadcrumb\":{\"@id\":\"https:\/\/arribaguate.com\/?page_id=35#breadcrumb\"},\"inLanguage\":\"es\",\"potentialAction\":[{\"@type\":\"ReadAction\",\"target\":[\"https:\/\/arribaguate.com\/?page_id=35\"]}]},{\"@type\":\"ImageObject\",\"inLanguage\":\"es\",\"@id\":\"https:\/\/arribaguate.com\/?page_id=35#primaryimage\",\"url\":\"https:\/\/arribaguate.com\/wp-content\/uploads\/2023\/10\/cropped-LOGO-PNG-07.png\",\"contentUrl\":\"https:\/\/arribaguate.com\/wp-content\/uploads\/2023\/10\/cropped-LOGO-PNG-07.png\",\"width\":1769,\"height\":609},{\"@type\":\"BreadcrumbList\",\"@id\":\"https:\/\/arribaguate.com\/?page_id=35#breadcrumb\",\"itemListElement\":[{\"@type\":\"ListItem\",\"position\":1,\"name\":\"Portada\",\"item\":\"https:\/\/arribaguate.com\/\"},{\"@type\":\"ListItem\",\"position\":2,\"name\":\"Nosotros\"}]},{\"@type\":\"WebSite\",\"@id\":\"https:\/\/arribaguate.com\/#website\",\"url\":\"https:\/\/arribaguate.com\/\",\"name\":\"Arriba Guate\",\"description\":\"\",\"publisher\":{\"@id\":\"https:\/\/arribaguate.com\/#organization\"},\"potentialAction\":[{\"@type\":\"SearchAction\",\"target\":{\"@type\":\"EntryPoint\",\"urlTemplate\":\"https:\/\/arribaguate.com\/?s={search_term_string}\"},\"query-input\":{\"@type\":\"PropertyValueSpecification\",\"valueRequired\":true,\"valueName\":\"search_term_string\"}}],\"inLanguage\":\"es\"},{\"@type\":\"Organization\",\"@id\":\"https:\/\/arribaguate.com\/#organization\",\"name\":\"Arriba Guate\",\"url\":\"https:\/\/arribaguate.com\/\",\"logo\":{\"@type\":\"ImageObject\",\"inLanguage\":\"es\",\"@id\":\"https:\/\/arribaguate.com\/#\/schema\/logo\/image\/\",\"url\":\"https:\/\/arribaguate.com\/wp-content\/uploads\/2023\/11\/arriba.png\",\"contentUrl\":\"https:\/\/arribaguate.com\/wp-content\/uploads\/2023\/11\/arriba.png\",\"width\":2205,\"height\":1257,\"caption\":\"Arriba Guate\"},\"image\":{\"@id\":\"https:\/\/arribaguate.com\/#\/schema\/logo\/image\/\"},\"sameAs\":[\"https:\/\/www.facebook.com\/profile.php?id=61552379584333\",\"https:\/\/x.com\/arribaguate\",\"https:\/\/www.tiktok.com\/@arriba_guate\"]}]}<\/script>\n<!-- \/ Yoast SEO plugin. -->","yoast_head_json":{"title":"Nosotros - Arriba Guate","robots":{"index":"index","follow":"follow","max-snippet":"max-snippet:-1","max-image-preview":"max-image-preview:large","max-video-preview":"max-video-preview:-1"},"canonical":"https:\/\/arribaguate.com\/?page_id=35","og_locale":"es_ES","og_type":"article","og_title":"Nosotros - Arriba Guate","og_description":"SOBRE NOSOTROS \u00bfTe has preguntado alguna vez qui\u00e9nes somos, cu\u00e1l es nuestra historia, y cu\u00e1l es la pasi\u00f3n que nos impulsa? \u00a0 En 2023, naci\u00f3 la historia de una empresa guatemalteca con ra\u00edces profundas y un prop\u00f3sito apasionado. Impulsada por un grupo de so\u00f1adores, esp\u00edritus libres y apasionados viajeros de coraz\u00f3n, nuestra empresa tuvo sus [&hellip;]","og_url":"https:\/\/arribaguate.com\/?page_id=35","og_site_name":"Arriba Guate","article_publisher":"https:\/\/www.facebook.com\/profile.php?id=61552379584333","article_modified_time":"2025-10-23T06:37:46+00:00","og_image":[{"width":1769,"height":609,"url":"https:\/\/arribaguate.com\/wp-content\/uploads\/2023\/10\/cropped-LOGO-PNG-07.png","type":"image\/png"}],"twitter_card":"summary_large_image","twitter_site":"@arribaguate","twitter_misc":{"Tiempo de lectura":"2 minutos"},"schema":{"@context":"https:\/\/schema.org","@graph":[{"@type":"WebPage","@id":"https:\/\/arribaguate.com\/?page_id=35","url":"https:\/\/arribaguate.com\/?page_id=35","name":"Nosotros - Arriba Guate","isPartOf":{"@id":"https:\/\/arribaguate.com\/#website"},"primaryImageOfPage":{"@id":"https:\/\/arribaguate.com\/?page_id=35#primaryimage"},"image":{"@id":"https:\/\/arribaguate.com\/?page_id=35#primaryimage"},"thumbnailUrl":"https:\/\/arribaguate.com\/wp-content\/uploads\/2023\/10\/cropped-LOGO-PNG-07-1024x353.png","datePublished":"2023-10-28T22:08:28+00:00","dateModified":"2025-10-23T06:37:46+00:00","breadcrumb":{"@id":"https:\/\/arribaguate.com\/?page_id=35#breadcrumb"},"inLanguage":"es","potentialAction":[{"@type":"ReadAction","target":["https:\/\/arribaguate.com\/?page_id=35"]}]},{"@type":"ImageObject","inLanguage":"es","@id":"https:\/\/arribaguate.com\/?page_id=35#primaryimage","url":"https:\/\/arribaguate.com\/wp-content\/uploads\/2023\/10\/cropped-LOGO-PNG-07.png","contentUrl":"https:\/\/arribaguate.com\/wp-content\/uploads\/2023\/10\/cropped-LOGO-PNG-07.png","width":1769,"height":609},{"@type":"BreadcrumbList","@id":"https:\/\/arribaguate.com\/?page_id=35#breadcrumb","itemListElement":[{"@type":"ListItem","position":1,"name":"Portada","item":"https:\/\/arribaguate.com\/"},{"@type":"ListItem","position":2,"name":"Nosotros"}]},{"@type":"WebSite","@id":"https:\/\/arribaguate.com\/#website","url":"https:\/\/arribaguate.com\/","name":"Arriba Guate","description":"","publisher":{"@id":"https:\/\/arribaguate.com\/#organization"},"potentialAction":[{"@type":"SearchAction","target":{"@type":"EntryPoint","urlTemplate":"https:\/\/arribaguate.com\/?s={search_term_string}"},"query-input":{"@type":"PropertyValueSpecification","valueRequired":true,"valueName":"search_term_string"}}],"inLanguage":"es"},{"@type":"Organization","@id":"https:\/\/arribaguate.com\/#organization","name":"Arriba Guate","url":"https:\/\/arribaguate.com\/","logo":{"@type":"ImageObject","inLanguage":"es","@id":"https:\/\/arribaguate.com\/#\/schema\/logo\/image\/","url":"https:\/\/arribaguate.com\/wp-content\/uploads\/2023\/11\/arriba.png","contentUrl":"https:\/\/arribaguate.com\/wp-content\/uploads\/2023\/11\/arriba.png","width":2205,"height":1257,"caption":"Arriba Guate"},"image":{"@id":"https:\/\/arribaguate.com\/#\/schema\/logo\/image\/"},"sameAs":["https:\/\/www.facebook.com\/profile.php?id=61552379584333","https:\/\/x.com\/arribaguate","https:\/\/www.tiktok.com\/@arriba_guate"]}]}},"jetpack_sharing_enabled":true,"_links":{"self":[{"href":"https:\/\/arribaguate.com\/index.php?rest_route=\/wp\/v2\/pages\/35","targetHints":{"allow":["GET"]}}],"collection":[{"href":"https:\/\/arribaguate.com\/index.php?rest_route=\/wp\/v2\/pages"}],"about":[{"href":"https:\/\/arribaguate.com\/index.php?rest_route=\/wp\/v2\/types\/page"}],"author":[{"embeddable":true,"href":"https:\/\/arribaguate.com\/index.php?rest_route=\/wp\/v2\/users\/2"}],"replies":[{"embeddable":true,"href":"https:\/\/arribaguate.com\/index.php?rest_route=%2Fwp%2Fv2%2Fcomments&post=35"}],"version-history":[{"count":133,"href":"https:\/\/arribaguate.com\/index.php?rest_route=\/wp\/v2\/pages\/35\/revisions"}],"predecessor-version":[{"id":1725,"href":"https:\/\/arribaguate.com\/index.php?rest_route=\/wp\/v2\/pages\/35\/revisions\/1725"}],"wp:attachment":[{"href":"https:\/\/arribaguate.com\/index.php?rest_route=%2Fwp%2Fv2%2Fmedia&parent=35"}],"curies":[{"name":"wp","href":"https:\/\/api.w.org\/{rel}","templated":true}]}}